{"id":13391,"date":"2019-06-12T10:36:02","date_gmt":"2019-06-12T08:36:02","guid":{"rendered":"https:\/\/qa.iabon.se\/?post_type=product&#038;p=13391"},"modified":"2020-02-10T14:02:13","modified_gmt":"2020-02-10T13:02:13","slug":"simple-hair-clip-black-white","status":"publish","type":"product","link":"https:\/\/qa.iabon.se\/sv\/shop\/simple-hair-clip-black-white\/","title":{"rendered":"Slim Hair Clip &#8211; Black &#038; White Marble"},"content":{"rendered":"","protected":false},"excerpt":{"rendered":"<p>We love this classic &amp; cool straight hair clip made our of black &amp; white acetate, with\u00a0a golden IA BON pineapple logo on the right edge.<\/p>\n<p>&nbsp;<\/p>\n<p><em>Measures:<\/em><\/p>\n<p><em>11 cm wide, 1 cm high<\/em><\/p>\n","protected":false},"featured_media":13370,"template":"","meta":[],"product_cat":[108,158],"product_tag":[],"yoast_head":"<!-- This site is optimized with the Yoast SEO plugin v19.13 - https:\/\/yoast.com\/wordpress\/plugins\/seo\/ -->\n<title>IA BON<\/title>\n<meta name=\"description\" content=\"uv dr\u00e4kter, uv suits, badkl\u00e4der, soldr\u00e4kter, sun protection suits, high UPF, 50+ suits, cute uv-suits, s\u00f6ta uv-dr\u00e4kter, barn uv-dr\u00e4kter, uv dr\u00e4kter, ss15, Sofi Fahrman, Lucca\" \/>\n<meta name=\"robots\" content=\"noindex, follow, max-snippet:-1, max-image-preview:large, max-video-preview:-1\" \/>\n<meta property=\"og:locale\" content=\"sv_SE\" \/>\n<meta property=\"og:type\" content=\"article\" \/>\n<meta property=\"og:title\" content=\"IA BON\" \/>\n<meta property=\"og:description\" content=\"uv dr\u00e4kter, uv suits, badkl\u00e4der, soldr\u00e4kter, sun protection suits, high UPF, 50+ suits, cute uv-suits, s\u00f6ta uv-dr\u00e4kter, barn uv-dr\u00e4kter, uv dr\u00e4kter, ss15, Sofi Fahrman, Lucca\" \/>\n<meta property=\"og:url\" content=\"https:\/\/qa.iabon.se\/shop\/simple-hair-clip-black-white\/\" \/>\n<meta property=\"og:site_name\" content=\"IA BON QA\" \/>\n<meta property=\"article:publisher\" content=\"https:\/\/www.facebook.com\/pages\/IA-BON\/719337778182052?skip_nax_wizard=true&amp;amp%3bamp%3bamp%3bref_type=bookmark\" \/>\n<meta property=\"article:modified_time\" content=\"2020-02-10T13:02:13+00:00\" \/>\n<meta property=\"og:image\" content=\"https:\/\/qa.iabon.se\/wp-content\/uploads\/2019\/06\/IMG_0024-1\u526f\u672c.jpg\" \/>\n\t<meta property=\"og:image:width\" content=\"800\" \/>\n\t<meta property=\"og:image:height\" content=\"800\" \/>\n\t<meta property=\"og:image:type\" content=\"image\/jpeg\" \/>\n<script type=\"application\/ld+json\" class=\"yoast-schema-graph\">{\"@context\":\"https:\/\/schema.org\",\"@graph\":[{\"@type\":\"WebPage\",\"@id\":\"https:\/\/qa.iabon.se\/shop\/simple-hair-clip-black-white\/\",\"url\":\"https:\/\/qa.iabon.se\/shop\/simple-hair-clip-black-white\/\",\"name\":\"IA BON\",\"isPartOf\":{\"@id\":\"https:\/\/qa.iabon.se\/#website\"},\"datePublished\":\"2019-06-12T08:36:02+00:00\",\"dateModified\":\"2020-02-10T13:02:13+00:00\",\"description\":\"uv dr\u00e4kter, uv suits, badkl\u00e4der, soldr\u00e4kter, sun protection suits, high UPF, 50+ suits, cute uv-suits, s\u00f6ta uv-dr\u00e4kter, barn uv-dr\u00e4kter, uv dr\u00e4kter, ss15, Sofi Fahrman, Lucca\",\"breadcrumb\":{\"@id\":\"https:\/\/qa.iabon.se\/shop\/simple-hair-clip-black-white\/#breadcrumb\"},\"inLanguage\":\"sv-SE\",\"potentialAction\":[{\"@type\":\"ReadAction\",\"target\":[\"https:\/\/qa.iabon.se\/shop\/simple-hair-clip-black-white\/\"]}]},{\"@type\":\"BreadcrumbList\",\"@id\":\"https:\/\/qa.iabon.se\/shop\/simple-hair-clip-black-white\/#breadcrumb\",\"itemListElement\":[{\"@type\":\"ListItem\",\"position\":1,\"name\":\"Home\",\"item\":\"https:\/\/qa.iabon.se\/\"},{\"@type\":\"ListItem\",\"position\":2,\"name\":\"Butik\",\"item\":\"https:\/\/qa.iabon.se\/sv\/butik\/\"},{\"@type\":\"ListItem\",\"position\":3,\"name\":\"Slim Hair Clip &#8211; Black &#038; White Marble\"}]},{\"@type\":\"WebSite\",\"@id\":\"https:\/\/qa.iabon.se\/#website\",\"url\":\"https:\/\/qa.iabon.se\/\",\"name\":\"IA BON QA\",\"description\":\"IA BON IS A STOCKHOLM BASED COMPANY DESIGNING HIGH QUALITY UV-SWIMWEAR &amp; BEACHWEAR. WE HAVE CAREFULLY CHOSEN FABRICS THAT ARE LUXURIOUS, COMFORTABLE &amp; WITH HIGH UPF FOR ULTIMATE PROTECTION AGAINST THE LOVELY, BUT DANGEROUS SUN RAYS\",\"publisher\":{\"@id\":\"https:\/\/qa.iabon.se\/#organization\"},\"potentialAction\":[{\"@type\":\"SearchAction\",\"target\":{\"@type\":\"EntryPoint\",\"urlTemplate\":\"https:\/\/qa.iabon.se\/?s={search_term_string}\"},\"query-input\":\"required name=search_term_string\"}],\"inLanguage\":\"sv-SE\"},{\"@type\":\"Organization\",\"@id\":\"https:\/\/qa.iabon.se\/#organization\",\"name\":\"IA BON\",\"url\":\"https:\/\/qa.iabon.se\/\",\"logo\":{\"@type\":\"ImageObject\",\"inLanguage\":\"sv-SE\",\"@id\":\"https:\/\/qa.iabon.se\/#\/schema\/logo\/image\/\",\"url\":\"https:\/\/qa.iabon.se\/wp-content\/uploads\/2015\/11\/iabon-logo.jpg\",\"contentUrl\":\"https:\/\/qa.iabon.se\/wp-content\/uploads\/2015\/11\/iabon-logo.jpg\",\"width\":567,\"height\":425,\"caption\":\"IA BON\"},\"image\":{\"@id\":\"https:\/\/qa.iabon.se\/#\/schema\/logo\/image\/\"},\"sameAs\":[\"http:\/\/www.instagram.com\/ia_bon\",\"https:\/\/www.facebook.com\/pages\/IA-BON\/719337778182052?skip_nax_wizard=true&amp;amp;amp;ref_type=bookmark\"]}]}<\/script>\n<!-- \/ Yoast SEO plugin. -->","yoast_head_json":{"title":"IA BON","description":"uv dr\u00e4kter, uv suits, badkl\u00e4der, soldr\u00e4kter, sun protection suits, high UPF, 50+ suits, cute uv-suits, s\u00f6ta uv-dr\u00e4kter, barn uv-dr\u00e4kter, uv dr\u00e4kter, ss15, Sofi Fahrman, Lucca","robots":{"index":"noindex","follow":"follow","max-snippet":"max-snippet:-1","max-image-preview":"max-image-preview:large","max-video-preview":"max-video-preview:-1"},"og_locale":"sv_SE","og_type":"article","og_title":"IA BON","og_description":"uv dr\u00e4kter, uv suits, badkl\u00e4der, soldr\u00e4kter, sun protection suits, high UPF, 50+ suits, cute uv-suits, s\u00f6ta uv-dr\u00e4kter, barn uv-dr\u00e4kter, uv dr\u00e4kter, ss15, Sofi Fahrman, Lucca","og_url":"https:\/\/qa.iabon.se\/shop\/simple-hair-clip-black-white\/","og_site_name":"IA BON QA","article_publisher":"https:\/\/www.facebook.com\/pages\/IA-BON\/719337778182052?skip_nax_wizard=true&amp%3bamp%3bamp%3bref_type=bookmark","article_modified_time":"2020-02-10T13:02:13+00:00","og_image":[{"width":800,"height":800,"url":"https:\/\/qa.iabon.se\/wp-content\/uploads\/2019\/06\/IMG_0024-1\u526f\u672c.jpg","type":"image\/jpeg"}],"schema":{"@context":"https:\/\/schema.org","@graph":[{"@type":"WebPage","@id":"https:\/\/qa.iabon.se\/shop\/simple-hair-clip-black-white\/","url":"https:\/\/qa.iabon.se\/shop\/simple-hair-clip-black-white\/","name":"IA BON","isPartOf":{"@id":"https:\/\/qa.iabon.se\/#website"},"datePublished":"2019-06-12T08:36:02+00:00","dateModified":"2020-02-10T13:02:13+00:00","description":"uv dr\u00e4kter, uv suits, badkl\u00e4der, soldr\u00e4kter, sun protection suits, high UPF, 50+ suits, cute uv-suits, s\u00f6ta uv-dr\u00e4kter, barn uv-dr\u00e4kter, uv dr\u00e4kter, ss15, Sofi Fahrman, Lucca","breadcrumb":{"@id":"https:\/\/qa.iabon.se\/shop\/simple-hair-clip-black-white\/#breadcrumb"},"inLanguage":"sv-SE","potentialAction":[{"@type":"ReadAction","target":["https:\/\/qa.iabon.se\/shop\/simple-hair-clip-black-white\/"]}]},{"@type":"BreadcrumbList","@id":"https:\/\/qa.iabon.se\/shop\/simple-hair-clip-black-white\/#breadcrumb","itemListElement":[{"@type":"ListItem","position":1,"name":"Home","item":"https:\/\/qa.iabon.se\/"},{"@type":"ListItem","position":2,"name":"Butik","item":"https:\/\/qa.iabon.se\/sv\/butik\/"},{"@type":"ListItem","position":3,"name":"Slim Hair Clip &#8211; Black &#038; White Marble"}]},{"@type":"WebSite","@id":"https:\/\/qa.iabon.se\/#website","url":"https:\/\/qa.iabon.se\/","name":"IA BON QA","description":"IA BON IS A STOCKHOLM BASED COMPANY DESIGNING HIGH QUALITY UV-SWIMWEAR &amp; BEACHWEAR. WE HAVE CAREFULLY CHOSEN FABRICS THAT ARE LUXURIOUS, COMFORTABLE &amp; WITH HIGH UPF FOR ULTIMATE PROTECTION AGAINST THE LOVELY, BUT DANGEROUS SUN RAYS","publisher":{"@id":"https:\/\/qa.iabon.se\/#organization"},"potentialAction":[{"@type":"SearchAction","target":{"@type":"EntryPoint","urlTemplate":"https:\/\/qa.iabon.se\/?s={search_term_string}"},"query-input":"required name=search_term_string"}],"inLanguage":"sv-SE"},{"@type":"Organization","@id":"https:\/\/qa.iabon.se\/#organization","name":"IA BON","url":"https:\/\/qa.iabon.se\/","logo":{"@type":"ImageObject","inLanguage":"sv-SE","@id":"https:\/\/qa.iabon.se\/#\/schema\/logo\/image\/","url":"https:\/\/qa.iabon.se\/wp-content\/uploads\/2015\/11\/iabon-logo.jpg","contentUrl":"https:\/\/qa.iabon.se\/wp-content\/uploads\/2015\/11\/iabon-logo.jpg","width":567,"height":425,"caption":"IA BON"},"image":{"@id":"https:\/\/qa.iabon.se\/#\/schema\/logo\/image\/"},"sameAs":["http:\/\/www.instagram.com\/ia_bon","https:\/\/www.facebook.com\/pages\/IA-BON\/719337778182052?skip_nax_wizard=true&amp;amp;amp;ref_type=bookmark"]}]}},"_links":{"self":[{"href":"https:\/\/qa.iabon.se\/sv\/wp-json\/wp\/v2\/product\/13391"}],"collection":[{"href":"https:\/\/qa.iabon.se\/sv\/wp-json\/wp\/v2\/product"}],"about":[{"href":"https:\/\/qa.iabon.se\/sv\/wp-json\/wp\/v2\/types\/product"}],"wp:featuredmedia":[{"embeddable":true,"href":"https:\/\/qa.iabon.se\/sv\/wp-json\/wp\/v2\/media\/13370"}],"wp:attachment":[{"href":"https:\/\/qa.iabon.se\/sv\/wp-json\/wp\/v2\/media?parent=13391"}],"wp:term":[{"taxonomy":"product_cat","embeddable":true,"href":"https:\/\/qa.iabon.se\/sv\/wp-json\/wp\/v2\/product_cat?post=13391"},{"taxonomy":"product_tag","embeddable":true,"href":"https:\/\/qa.iabon.se\/sv\/wp-json\/wp\/v2\/product_tag?post=13391"}],"curies":[{"name":"wp","href":"https:\/\/api.w.org\/{rel}","templated":true}]}}